{"id":148,"date":"2022-01-20T20:32:32","date_gmt":"2022-01-20T20:32:32","guid":{"rendered":"http:\/\/www.celebioglutekstil.com\/?page_id=148"},"modified":"2022-01-20T21:56:26","modified_gmt":"2022-01-20T21:56:26","slug":"iletisim-2","status":"publish","type":"page","link":"http:\/\/www.celebioglutekstil.com\/index.php\/iletisim-2\/","title":{"rendered":"\u0130leti\u015fim"},"content":{"rendered":"\n<p>\u00c7elebio\u011flu Tekstil<\/p>\n\n\n\n<p>Kaz\u0131m Karabekir Mahallesi<\/p>\n\n\n\n<p>A\u00e7ang\u00fcl Sokak No: 3\/B<\/p>\n\n\n\n<p>16270 Y\u0131ld\u0131r\u0131m \/ BURSA<\/p>\n\n\n\n<p>Tel: 0224 364 65 66<\/p>\n\n\n\n<p>www.celebioglutekstil.com<\/p>\n\n\n\n<p>info@celebioglutekstil.com<\/p>\n\n\n\n<p><\/p>\n\n\n\n<iframe src=\"https:\/\/www.google.com\/maps\/embed?pb=!1m14!1m8!1m3!1d12188.44645546353!2d29.0961939!3d40.2065801!3m2!1i1024!2i768!4f13.1!3m3!1m2!1s0x0%3A0x92872606a7adee30!2zw4dlbGViaW_En2x1IFRla3N0aWw!5e0!3m2!1str!2str!4v1642715730710!5m2!1str!2str\" width=\"900\" height=\"450\" style=\"border:0;\" allowfullscreen=\"\" loading=\"lazy\"><\/iframe>\n","protected":false},"excerpt":{"rendered":"<p>\u00c7elebio\u011flu Tekstil Kaz\u0131m Karabekir Mahallesi A\u00e7ang\u00fcl Sokak No: 3\/B 16270 Y\u0131ld\u0131r\u0131m \/ BURSA Tel: 0224 364 65 66 www.celebioglutekstil.com info@celebioglutekstil.com<\/p>\n","protected":false},"author":1,"featured_media":0,"parent":0,"menu_order":0,"comment_status":"closed","ping_status":"closed","template":"","meta":{"_ti_tpc_template_sync":false,"_ti_tpc_template_id":""},"_links":{"self":[{"href":"http:\/\/www.celebioglutekstil.com\/index.php\/wp-json\/wp\/v2\/pages\/148"}],"collection":[{"href":"http:\/\/www.celebioglutekstil.com\/index.php\/wp-json\/wp\/v2\/pages"}],"about":[{"href":"http:\/\/www.celebioglutekstil.com\/index.php\/wp-json\/wp\/v2\/types\/page"}],"author":[{"embeddable":true,"href":"http:\/\/www.celebioglutekstil.com\/index.php\/wp-json\/wp\/v2\/users\/1"}],"replies":[{"embeddable":true,"href":"http:\/\/www.celebioglutekstil.com\/index.php\/wp-json\/wp\/v2\/comments?post=148"}],"version-history":[{"count":2,"href":"http:\/\/www.celebioglutekstil.com\/index.php\/wp-json\/wp\/v2\/pages\/148\/revisions"}],"predecessor-version":[{"id":196,"href":"http:\/\/www.celebioglutekstil.com\/index.php\/wp-json\/wp\/v2\/pages\/148\/revisions\/196"}],"wp:attachment":[{"href":"http:\/\/www.celebioglutekstil.com\/index.php\/wp-json\/wp\/v2\/media?parent=148"}],"curies":[{"name":"wp","href":"https:\/\/api.w.org\/{rel}","templated":true}]}}