{"id":146,"date":"2022-01-20T20:32:32","date_gmt":"2022-01-20T20:32:32","guid":{"rendered":"http:\/\/www.celebioglutekstil.com\/?page_id=146"},"modified":"2023-11-13T07:19:12","modified_gmt":"2023-11-13T07:19:12","slug":"hakkimizda-2","status":"publish","type":"page","link":"http:\/\/www.celebioglutekstil.com\/index.php\/hakkimizda-2\/","title":{"rendered":"Hakk\u0131m\u0131zda"},"content":{"rendered":"\n<p>\u00c7elebio\u011flu Tekstil, 2016 y\u0131l\u0131nda Bursa&#8217;da k\u00f6kl\u00fc bir ge\u00e7mi\u015fe sahip olarak kuruldu ve o g\u00fcnden bu yana s\u00fcrekli g\u00fc\u00e7lenerek sekt\u00f6rde \u00f6nemli bir konuma ula\u015ft\u0131. \u015eirketimiz, her ge\u00e7en g\u00fcn artan \u00fcr\u00fcn \u00e7e\u015fitlili\u011fi ve geni\u015fleyen kapasitesi ile m\u00fc\u015fterilere en \u00fcst d\u00fczeyde hizmet sunmaya devam etmektedir.<\/p>\n\n\n\n<p>Kuruldu\u011fumuz g\u00fcnden itibaren, g\u00fc\u00e7l\u00fc tedarik a\u011f\u0131m\u0131z ve i\u015fbirli\u011fi i\u00e7inde oldu\u011fumuz partner firmalarla kurdu\u011fumuz sa\u011flam ba\u011flar sayesinde \u00fcretim kalitemizi s\u00fcrekli iyile\u015ftirmekteyiz. M\u00fc\u015fteri memnuniyetini en \u00fcst d\u00fczeyde tutarak, taleplerinizi kar\u015f\u0131lamak i\u00e7in \u00e7abal\u0131yoruz.<\/p>\n\n\n\n<p>\u00c7elebio\u011flu Tekstil, sadece g\u00fc\u00e7l\u00fc \u00fcretim s\u00fcre\u00e7leriyle de\u011fil, ayn\u0131 zamanda sekt\u00f6rdeki en g\u00fcncel trendleri takip ederek ve m\u00fc\u015fteri taleplerine uygun \u00e7e\u015fitlilikte \u00fcr\u00fcnler sunarak fark yarat\u0131yor. Turlu krep, gofre ekose, jakarl\u0131 saten, jakarl\u0131 ekose, dijital bask\u0131l\u0131 \u015fifon, dijital bask\u0131l\u0131 saten gibi kaliteler koleksiyonumuzun sadece birka\u00e7 \u00f6rne\u011fidir.<\/p>\n\n\n\n<p>\u00c7elebio\u011flu Tekstil olarak, sadece mevcut kaliteleri art\u0131rmakla kalm\u0131yor, ayn\u0131 zamanda m\u00fc\u015fteri taleplerine y\u00f6nelik non-woven kuma\u015f \u00fcretimlerine ba\u015flayarak inovasyona odaklan\u0131yoruz. \u00c7e\u015fitli kal\u0131nl\u0131klarda ve \u00f6l\u00e7\u00fclerde \u00fcretilen non-woven kuma\u015flar, m\u00fc\u015fterilere geni\u015f bir \u00fcr\u00fcn yelpazesi sunma imkan\u0131 tan\u0131yor.<\/p>\n\n\n\n<p>\u00c7elebio\u011flu Tekstil olarak, siz de\u011ferli m\u00fc\u015fterilere kalite ve yenilik sunma konusundaki kararl\u0131l\u0131\u011f\u0131m\u0131z\u0131 her g\u00fcn g\u00fc\u00e7lendiriyoruz. Sitemizi ke\u015ffedin, \u00fcr\u00fcnlerimizi inceleyin ve bize kat\u0131l\u0131n. \u00c7elebio\u011flu Tekstil ailesi olarak, sizlere en \u00fcst d\u00fczeyde hizmet vermekten gurur duyuyoruz. \u0130htiya\u00e7lar\u0131n\u0131z i\u00e7in buraday\u0131z!<\/p>\n","protected":false},"excerpt":{"rendered":"<p>\u00c7elebio\u011flu Tekstil, 2016 y\u0131l\u0131nda Bursa&#8217;da k\u00f6kl\u00fc bir ge\u00e7mi\u015fe sahip olarak kuruldu ve o g\u00fcnden bu yana s\u00fcrekli g\u00fc\u00e7lenerek sekt\u00f6rde \u00f6nemli bir konuma ula\u015ft\u0131. \u015eirketimiz, her ge\u00e7en g\u00fcn artan \u00fcr\u00fcn \u00e7e\u015fitlili\u011fi ve geni\u015fleyen kapasitesi ile m\u00fc\u015fterilere en \u00fcst d\u00fczeyde hizmet sunmaya devam etmektedir. Kuruldu\u011fumuz g\u00fcnden itibaren, g\u00fc\u00e7l\u00fc tedarik a\u011f\u0131m\u0131z ve i\u015fbirli\u011fi i\u00e7inde oldu\u011fumuz partner firmalarla kurdu\u011fumuz &hellip; <a href=\"http:\/\/www.celebioglutekstil.com\/index.php\/hakkimizda-2\/\" class=\"more-link\">Continue reading <span class=\"screen-reader-text\">Hakk\u0131m\u0131zda<\/span><\/a><\/p>\n","protected":false},"author":1,"featured_media":0,"parent":0,"menu_order":0,"comment_status":"closed","ping_status":"closed","template":"","meta":{"_ti_tpc_template_sync":false,"_ti_tpc_template_id":""},"_links":{"self":[{"href":"http:\/\/www.celebioglutekstil.com\/index.php\/wp-json\/wp\/v2\/pages\/146"}],"collection":[{"href":"http:\/\/www.celebioglutekstil.com\/index.php\/wp-json\/wp\/v2\/pages"}],"about":[{"href":"http:\/\/www.celebioglutekstil.com\/index.php\/wp-json\/wp\/v2\/types\/page"}],"author":[{"embeddable":true,"href":"http:\/\/www.celebioglutekstil.com\/index.php\/wp-json\/wp\/v2\/users\/1"}],"replies":[{"embeddable":true,"href":"http:\/\/www.celebioglutekstil.com\/index.php\/wp-json\/wp\/v2\/comments?post=146"}],"version-history":[{"count":8,"href":"http:\/\/www.celebioglutekstil.com\/index.php\/wp-json\/wp\/v2\/pages\/146\/revisions"}],"predecessor-version":[{"id":234,"href":"http:\/\/www.celebioglutekstil.com\/index.php\/wp-json\/wp\/v2\/pages\/146\/revisions\/234"}],"wp:attachment":[{"href":"http:\/\/www.celebioglutekstil.com\/index.php\/wp-json\/wp\/v2\/media?parent=146"}],"curies":[{"name":"wp","href":"https:\/\/api.w.org\/{rel}","templated":true}]}}